{"id":2984,"date":"2022-03-24T11:11:13","date_gmt":"2022-03-24T14:11:13","guid":{"rendered":"https:\/\/zapp.tec.br\/site\/?page_id=2984"},"modified":"2022-07-06T14:02:41","modified_gmt":"2022-07-06T17:02:41","slug":"agendar-demonstracao","status":"publish","type":"page","link":"https:\/\/zapp.tec.br\/site\/agendar-demonstracao\/","title":{"rendered":"Agendar Demonstra\u00e7\u00e3o"},"content":{"rendered":"\t\t<div data-elementor-type=\"wp-page\" data-elementor-id=\"2984\" class=\"elementor elementor-2984\" data-elementor-settings=\"[]\">\n\t\t\t\t\t\t\t<div class=\"elementor-section-wrap\">\n\t\t\t\t\t\t\t<section class=\"elementor-section elementor-top-section elementor-element elementor-element-e1e2f57 elementor-section-boxed elementor-section-height-default elementor-section-height-default\" data-id=\"e1e2f57\" data-element_type=\"section\">\n\t\t\t\t\t\t<div class=\"elementor-container elementor-column-gap-default\">\n\t\t\t\t\t<div class=\"elementor-column elementor-col-100 elementor-top-column elementor-element elementor-element-248e84e\" data-id=\"248e84e\" data-element_type=\"column\">\n\t\t\t<div class=\"elementor-widget-wrap elementor-element-populated\">\n\t\t\t\t\t\t\t\t<div class=\"elementor-element elementor-element-ad7e6ee elementor-widget elementor-widget-section_title\" data-id=\"ad7e6ee\" data-element_type=\"widget\" data-widget_type=\"section_title.default\">\n\t\t\t\t<div class=\"elementor-widget-container\">\n\t\t\t<div class=\" title-box\"><span>Plataforma Omni Channel<\/span><h2 class=\"title\">Profissionalize seu Atendimento<\/h2><p>Utilize nossa plataforma de atendimento via WhatsApp, e veja o quanto vai melhorar a qualqidade e gerencimento de seu atendimento.\n<\/p><\/div>\t\t<\/div>\n\t\t\t\t<\/div>\n\t\t\t\t\t<\/div>\n\t\t<\/div>\n\t\t\t\t\t\t\t<\/div>\n\t\t<\/section>\n\t\t\t\t<section class=\"elementor-section elementor-top-section elementor-element elementor-element-59ca190 elementor-section-boxed elementor-section-height-default elementor-section-height-default\" data-id=\"59ca190\" data-element_type=\"section\">\n\t\t\t\t\t\t<div class=\"elementor-container elementor-column-gap-default\">\n\t\t\t\t\t<div class=\"elementor-column elementor-col-100 elementor-top-column elementor-element elementor-element-6e7c278\" data-id=\"6e7c278\" data-element_type=\"column\">\n\t\t\t<div class=\"elementor-widget-wrap elementor-element-populated\">\n\t\t\t\t\t\t\t\t<div class=\"elementor-element elementor-element-9712ed4 elementor-widget elementor-widget-text-editor\" data-id=\"9712ed4\" data-element_type=\"widget\" data-widget_type=\"text-editor.default\">\n\t\t\t\t<div class=\"elementor-widget-container\">\n\t\t\t<style>\/*! elementor - v3.5.5 - 03-02-2022 *\/\n.elementor-widget-text-editor.elementor-drop-cap-view-stacked .elementor-drop-cap{background-color:#818a91;color:#fff}.elementor-widget-text-editor.elementor-drop-cap-view-framed .elementor-drop-cap{color:#818a91;border:3px solid;background-color:transparent}.elementor-widget-text-editor:not(.elementor-drop-cap-view-default) .elementor-drop-cap{margin-top:8px}.elementor-widget-text-editor:not(.elementor-drop-cap-view-default) .elementor-drop-cap-letter{width:1em;height:1em}.elementor-widget-text-editor .elementor-drop-cap{float:left;text-align:center;line-height:1;font-size:50px}.elementor-widget-text-editor .elementor-drop-cap-letter{display:inline-block}<\/style>\t\t\t\t<p>Ser\u00e1 um prazer apresentar nossa solu\u00e7\u00e3o de Multi Atendimento,&nbsp; a apresenta\u00e7\u00e3o ser\u00e1 feita atrav\u00e9s da plataforma Zoom, nela ser\u00e3o apresentadas as principais funcionalidades e respondidas todas as suas d\u00favida, a dura\u00e7\u00e3o \u00e9 de 20 a 40 minutos, para agendar, favor clicar no link abaixo e escolher melhor dia e hor\u00e1rio.<\/p><p>Ao clicar no link ser\u00e1 redirecionado para nossa agenda virtual.<\/p>\n<p><\/p>\t\t\t\t\t\t<\/div>\n\t\t\t\t<\/div>\n\t\t\t\t\t<\/div>\n\t\t<\/div>\n\t\t\t\t\t\t\t<\/div>\n\t\t<\/section>\n\t\t\t\t<section class=\"elementor-section elementor-top-section elementor-element elementor-element-6a8fd3e elementor-section-boxed elementor-section-height-default elementor-section-height-default\" data-id=\"6a8fd3e\" data-element_type=\"section\">\n\t\t\t\t\t\t<div class=\"elementor-container elementor-column-gap-default\">\n\t\t\t\t\t<div class=\"elementor-column elementor-col-100 elementor-top-column elementor-element elementor-element-ee8c5df\" data-id=\"ee8c5df\" data-element_type=\"column\">\n\t\t\t<div class=\"elementor-widget-wrap elementor-element-populated\">\n\t\t\t\t\t\t\t\t<div class=\"elementor-element elementor-element-0fc1d71 elementor-view-default elementor-widget elementor-widget-icon\" data-id=\"0fc1d71\" data-element_type=\"widget\" data-widget_type=\"icon.default\">\n\t\t\t\t<div class=\"elementor-widget-container\">\n\t\t\t\t\t<div class=\"elementor-icon-wrapper\">\n\t\t\t<a class=\"elementor-icon\" href=\"https:\/\/calendly.com\/partnersti\/reuniao\" target=\"_blank\">\n\t\t\t<i aria-hidden=\"true\" class=\"fas fa-calendar-alt\"><\/i>\t\t\t<\/a>\n\t\t<\/div>\n\t\t\t\t<\/div>\n\t\t\t\t<\/div>\n\t\t\t\t\t<\/div>\n\t\t<\/div>\n\t\t\t\t\t\t\t<\/div>\n\t\t<\/section>\n\t\t\t\t\t\t<\/div>\n\t\t\t\t\t<\/div>\n\t\t","protected":false},"excerpt":{"rendered":"<p>Plataforma Omni Channel Profissionalize seu Atendimento Utilize nossa plataforma de atendimento via WhatsApp, e veja o quanto vai melhorar a qualqidade e gerencimento de seu atendimento. Ser\u00e1 um prazer apresentar nossa solu\u00e7\u00e3o de Multi Atendimento,&nbsp; a apresenta\u00e7\u00e3o ser\u00e1 feita atrav\u00e9s da plataforma Zoom, nela ser\u00e3o apresentadas as principais funcionalidades e respondidas todas as suas d\u00favida, [&hellip;]<\/p>\n","protected":false},"author":1,"featured_media":0,"parent":0,"menu_order":0,"comment_status":"closed","ping_status":"closed","template":"","meta":{"_monsterinsights_skip_tracking":false,"_monsterinsights_sitenote_active":false,"_monsterinsights_sitenote_note":"","_monsterinsights_sitenote_category":0,"footnotes":""},"class_list":["post-2984","page","type-page","status-publish","hentry"],"_links":{"self":[{"href":"https:\/\/zapp.tec.br\/site\/wp-json\/wp\/v2\/pages\/2984","targetHints":{"allow":["GET"]}}],"collection":[{"href":"https:\/\/zapp.tec.br\/site\/wp-json\/wp\/v2\/pages"}],"about":[{"href":"https:\/\/zapp.tec.br\/site\/wp-json\/wp\/v2\/types\/page"}],"author":[{"embeddable":true,"href":"https:\/\/zapp.tec.br\/site\/wp-json\/wp\/v2\/users\/1"}],"replies":[{"embeddable":true,"href":"https:\/\/zapp.tec.br\/site\/wp-json\/wp\/v2\/comments?post=2984"}],"version-history":[{"count":22,"href":"https:\/\/zapp.tec.br\/site\/wp-json\/wp\/v2\/pages\/2984\/revisions"}],"predecessor-version":[{"id":3302,"href":"https:\/\/zapp.tec.br\/site\/wp-json\/wp\/v2\/pages\/2984\/revisions\/3302"}],"wp:attachment":[{"href":"https:\/\/zapp.tec.br\/site\/wp-json\/wp\/v2\/media?parent=2984"}],"curies":[{"name":"wp","href":"https:\/\/api.w.org\/{rel}","templated":true}]}}