{"id":468,"date":"2019-11-08T11:27:29","date_gmt":"2019-11-08T11:27:29","guid":{"rendered":"https:\/\/wordpress.iqonic.design\/talkie\/?page_id=468"},"modified":"2022-04-12T22:25:36","modified_gmt":"2022-04-13T01:25:36","slug":"about-us","status":"publish","type":"page","link":"https:\/\/zapp.tec.br\/site\/about-us\/","title":{"rendered":"Sobre n\u00f3s"},"content":{"rendered":"\t\t<div data-elementor-type=\"wp-page\" data-elementor-id=\"468\" class=\"elementor elementor-468\" data-elementor-settings=\"[]\">\n\t\t\t\t\t\t\t<div class=\"elementor-section-wrap\">\n\t\t\t\t\t\t\t<div class=\"elementor-section elementor-top-section elementor-element elementor-element-abad328 elementor-section-stretched elementor-section-full_width shape_bg elementor-section-height-default elementor-section-height-default\" data-id=\"abad328\" data-element_type=\"section\" data-settings=\"{&quot;stretch_section&quot;:&quot;section-stretched&quot;,&quot;background_background&quot;:&quot;classic&quot;}\">\n\t\t\t\t\t\t<div class=\"elementor-container elementor-column-gap-default\">\n\t\t\t\t\t<div class=\"elementor-column elementor-col-100 elementor-top-column elementor-element elementor-element-87c4ba4\" data-id=\"87c4ba4\" data-element_type=\"column\">\n\t\t\t<div class=\"elementor-widget-wrap elementor-element-populated\">\n\t\t\t\t\t\t\t\t<section class=\"elementor-section elementor-inner-section elementor-element elementor-element-774964b elementor-section-content-middle elementor-section-boxed elementor-section-height-default elementor-section-height-default\" data-id=\"774964b\" data-element_type=\"section\">\n\t\t\t\t\t\t<div class=\"elementor-container elementor-column-gap-default\">\n\t\t\t\t\t<div class=\"elementor-column elementor-col-50 elementor-inner-column elementor-element elementor-element-baca46c\" data-id=\"baca46c\" data-element_type=\"column\">\n\t\t\t<div class=\"elementor-widget-wrap elementor-element-populated\">\n\t\t\t\t\t\t\t\t<div class=\"elementor-element elementor-element-48badf0 elementor-widget elementor-widget-section_title\" data-id=\"48badf0\" data-element_type=\"widget\" data-widget_type=\"section_title.default\">\n\t\t\t\t<div class=\"elementor-widget-container\">\n\t\t\t<div class=\" title-box\"><span>Desenvolvendo solu\u00e7\u00f5es desde 2010<\/span><h2 class=\"title\">PARTNERS TI<\/h2><p>A PARTNERS TI,  atua desde 2010 no desenvolvimento e suporte em solu\u00e7\u00f5es de TI como: Plataforma EAD, Plataforma de E-mail Colaborativo, Softwares de Gest\u00e3o de Entidades e muito mais. Acesse www.partnersti.com e confira todo nosso portif\u00f3lio.<\/p><\/div>\t\t<\/div>\n\t\t\t\t<\/div>\n\t\t\t\t<div class=\"elementor-element elementor-element-ad00cf3 elementor-widget elementor-widget-talkie_fancybox\" data-id=\"ad00cf3\" data-element_type=\"widget\" data-widget_type=\"talkie_fancybox.default\">\n\t\t\t\t<div class=\"elementor-widget-container\">\n\t\t\t<div class=\"iq-fancy-box\">\t<div class=\"feature-box-effect box-effect  wow fadeInUp  \">\n\n\t\t<div class=\"iq-icon mb-4\" style=\"border-color:; color: ;  \">\n\t\t\t<i aria-hidden=\"true\" class=\"ion ion-person-stalker\"><\/i>\t\t<\/div>\n\n\t\t<div class=\"feature-info\">\n\t\t\t<h5 class=\"mb-2 title\"> N\u00f3s somos compactos<\/h5>\n\t\t\t<p class=\"mb-0 desc\">Grandes empresas nunca poder\u00e3o dar tanta aten\u00e7\u00e3o quanto n\u00f3s, reagir t\u00e3o r\u00e1pido ou oferecer tantas solu\u00e7\u00f5es personalizadas quanto n\u00f3s<\/p>\n\n\n\t\t<\/div>\n\n\t<\/div>\n<\/div>\t\t<\/div>\n\t\t\t\t<\/div>\n\t\t\t\t<div class=\"elementor-element elementor-element-510b08d elementor-widget elementor-widget-talkie_fancybox\" data-id=\"510b08d\" data-element_type=\"widget\" data-widget_type=\"talkie_fancybox.default\">\n\t\t\t\t<div class=\"elementor-widget-container\">\n\t\t\t<div class=\"iq-fancy-box\">\t<div class=\"feature-box-effect box-effect  wow fadeInUp  \">\n\n\t\t<div class=\"iq-icon mb-4\" style=\"border-color:; color: ;  \">\n\t\t\t<i aria-hidden=\"true\" class=\"ion ion-android-pin\"><\/i>\t\t<\/div>\n\n\t\t<div class=\"feature-info\">\n\t\t\t<h5 class=\"mb-2 title\"> Localizada no Polo de Teconologia do RS<\/h5>\n\t\t\t<p class=\"mb-0 desc\">Com nossa sede localizada no Polo de Tecnologia do Norte do  RS (http:\/\/www.polosul.org),  buscamos sempre a inova\u00e7\u00e3o com solu\u00e7\u00f5es diversas para atender a demnada de nossos cliente,  nossas solu\u00e7\u00f5es j\u00e1 est\u00e3o presentes em cliente por todo Brasil.<\/p>\n\n\n\t\t<\/div>\n\n\t<\/div>\n<\/div>\t\t<\/div>\n\t\t\t\t<\/div>\n\t\t\t\t\t<\/div>\n\t\t<\/div>\n\t\t\t\t<div class=\"elementor-column elementor-col-50 elementor-inner-column elementor-element elementor-element-3165edf\" data-id=\"3165edf\" data-element_type=\"column\">\n\t\t\t<div class=\"elementor-widget-wrap elementor-element-populated\">\n\t\t\t\t\t\t\t\t<div class=\"elementor-element elementor-element-1a57ff2 elementor-widget elementor-widget-image\" data-id=\"1a57ff2\" data-element_type=\"widget\" data-widget_type=\"image.default\">\n\t\t\t\t<div class=\"elementor-widget-container\">\n\t\t\t<style>\/*! elementor - v3.5.5 - 03-02-2022 *\/\n.elementor-widget-image{text-align:center}.elementor-widget-image a{display:inline-block}.elementor-widget-image a img[src$=\".svg\"]{width:48px}.elementor-widget-image img{vertical-align:middle;display:inline-block}<\/style>\t\t\t\t\t\t\t\t\t\t\t\t\t<a href=\"https:\/\/partnersti.com\/\">\n\t\t\t\t\t\t\t<img decoding=\"async\" src=\"https:\/\/zapp.tec.br\/site\/wp-content\/uploads\/elementor\/thumbs\/site3-pna6faps7t84x813pljb6spowxc9ijhzs4f20ijvrc.png\" title=\"site3\" alt=\"site3\" \/>\t\t\t\t\t\t\t\t<\/a>\n\t\t\t\t\t\t\t\t\t\t\t\t\t\t\t<\/div>\n\t\t\t\t<\/div>\n\t\t\t\t\t<\/div>\n\t\t<\/div>\n\t\t\t\t\t\t\t<\/div>\n\t\t<\/section>\n\t\t\t\t\t<\/div>\n\t\t<\/div>\n\t\t\t\t\t\t\t<\/div>\n\t\t<\/div>\n\t\t\t\t<section class=\"elementor-section elementor-top-section elementor-element elementor-element-92cc081 elementor-section-boxed elementor-section-height-default elementor-section-height-default\" data-id=\"92cc081\" data-element_type=\"section\">\n\t\t\t\t\t\t<div class=\"elementor-container elementor-column-gap-default\">\n\t\t\t\t\t<div class=\"elementor-column elementor-col-100 elementor-top-column elementor-element elementor-element-3aadd2d\" data-id=\"3aadd2d\" data-element_type=\"column\">\n\t\t\t<div class=\"elementor-widget-wrap elementor-element-populated\">\n\t\t\t\t\t\t\t\t<div class=\"elementor-element elementor-element-e7cbbcd elementor-widget elementor-widget-testimonial\" data-id=\"e7cbbcd\" data-element_type=\"widget\" data-widget_type=\"testimonial.default\">\n\t\t\t\t<div class=\"elementor-widget-container\">\n\t\t\t<style>\/*! elementor - v3.5.5 - 03-02-2022 *\/\n.elementor-testimonial-wrapper{overflow:hidden;text-align:center}.elementor-testimonial-wrapper .elementor-testimonial-content{font-size:1.3em;margin-bottom:20px}.elementor-testimonial-wrapper .elementor-testimonial-name{line-height:1.5;display:block}.elementor-testimonial-wrapper .elementor-testimonial-job{font-size:.85em;display:block}.elementor-testimonial-wrapper .elementor-testimonial-meta{width:100%;line-height:1}.elementor-testimonial-wrapper .elementor-testimonial-meta-inner{display:inline-block}.elementor-testimonial-wrapper .elementor-testimonial-meta .elementor-testimonial-details,.elementor-testimonial-wrapper .elementor-testimonial-meta .elementor-testimonial-image{display:table-cell;vertical-align:middle}.elementor-testimonial-wrapper .elementor-testimonial-meta .elementor-testimonial-image img{width:60px;height:60px;-webkit-border-radius:50%;border-radius:50%;-o-object-fit:cover;object-fit:cover;max-width:none}.elementor-testimonial-wrapper .elementor-testimonial-meta.elementor-testimonial-image-position-aside .elementor-testimonial-image{padding-right:15px}.elementor-testimonial-wrapper .elementor-testimonial-meta.elementor-testimonial-image-position-aside .elementor-testimonial-details{text-align:left}.elementor-testimonial-wrapper .elementor-testimonial-meta.elementor-testimonial-image-position-top .elementor-testimonial-details,.elementor-testimonial-wrapper .elementor-testimonial-meta.elementor-testimonial-image-position-top .elementor-testimonial-image{display:block}.elementor-testimonial-wrapper .elementor-testimonial-meta.elementor-testimonial-image-position-top .elementor-testimonial-image{margin-bottom:20px}<\/style>\n\n\t<div class=\"iq-testimonials \">\n\t\t\n\t\t\t<div class=\"owl-carousel\" data-dots=\"true\" data-nav=\"true\" data-items=\"3\" data-items-laptop=\"3\" data-items-tab=\"2\" data-items-mobile=\"1\" data-items-mobile-sm=\"1\" data-autoplay=\"true\" data-loop=\"true\" data-margin=\"30\">\n\t\t\t\t\n\t\t\t\t\t\t<div class=\"iq-testimonial\">\n\t\t\t\t\t\t\t<div class=\"iq-testimonial-img\">\n\t\t\t\t\t\t\t\t<img decoding=\"async\" src=\"https:\/\/zapp.tec.br\/site\/wp-content\/uploads\/2022\/05\/anderson.jpg\" alt=\"talkie-user\"\/>\t\t\t\t\t\t\t<\/div>\n\t\t\t\t\t\t\t<div class=\"iq-testimonial-info\">\n\t\t\t\t\t\t\t\t<p>Com a plataforma de multi atendimento, o Unimater pode adequar os seus canais de atendimento de acordo com a Lei Geral de Prote\u00e7\u00e3o de Dados, al\u00e9m de poder garantir maior agilidade e controle sobre os atendimentos realizados por seus colaboradores. A ferramenta passa a exercer um papel importante no que diz respeito ao planejamento, pois novas percep\u00e7\u00f5es foram adicionadas atrav\u00e9s das m\u00e9tricas de avalia\u00e7\u00e3o, tempo de resposta e quantidade de atendimento por canal.<\/p>\n\t\t\t\t\t\t\t\t<h5 class=\"iq-testimonial-user\">Anderson Fernandes, <span class=\"iq-designation\">Coordenador de Solu\u00e7\u00f5es, Tecnologias e Inova\u00e7\u00f5es<\/span><\/h5>\n\t\t\t\t\t\t\t<\/div>\n\t\t\t\t\t\t<\/div>\n\t\t\t\t\t\t\t<\/div>\n\n\t\t\t\n\t<\/div>\n\t\t<\/div>\n\t\t\t\t<\/div>\n\t\t\t\t\t<\/div>\n\t\t<\/div>\n\t\t\t\t\t\t\t<\/div>\n\t\t<\/section>\n\t\t\t\t\t\t<\/div>\n\t\t\t\t\t<\/div>\n\t\t","protected":false},"excerpt":{"rendered":"<p>Desenvolvendo solu\u00e7\u00f5es desde 2010 PARTNERS TI A PARTNERS TI, atua desde 2010 no desenvolvimento e suporte em solu\u00e7\u00f5es de TI como: Plataforma EAD, Plataforma de E-mail Colaborativo, Softwares de Gest\u00e3o de Entidades e muito mais. Acesse www.partnersti.com e confira todo nosso portif\u00f3lio. N\u00f3s somos compactos Grandes empresas nunca poder\u00e3o dar tanta aten\u00e7\u00e3o quanto n\u00f3s, reagir [&hellip;]<\/p>\n","protected":false},"author":1,"featured_media":0,"parent":0,"menu_order":0,"comment_status":"closed","ping_status":"closed","template":"","meta":{"_monsterinsights_skip_tracking":false,"_monsterinsights_sitenote_active":false,"_monsterinsights_sitenote_note":"","_monsterinsights_sitenote_category":0,"footnotes":""},"class_list":["post-468","page","type-page","status-publish","hentry"],"_links":{"self":[{"href":"https:\/\/zapp.tec.br\/site\/wp-json\/wp\/v2\/pages\/468","targetHints":{"allow":["GET"]}}],"collection":[{"href":"https:\/\/zapp.tec.br\/site\/wp-json\/wp\/v2\/pages"}],"about":[{"href":"https:\/\/zapp.tec.br\/site\/wp-json\/wp\/v2\/types\/page"}],"author":[{"embeddable":true,"href":"https:\/\/zapp.tec.br\/site\/wp-json\/wp\/v2\/users\/1"}],"replies":[{"embeddable":true,"href":"https:\/\/zapp.tec.br\/site\/wp-json\/wp\/v2\/comments?post=468"}],"version-history":[{"count":26,"href":"https:\/\/zapp.tec.br\/site\/wp-json\/wp\/v2\/pages\/468\/revisions"}],"predecessor-version":[{"id":3086,"href":"https:\/\/zapp.tec.br\/site\/wp-json\/wp\/v2\/pages\/468\/revisions\/3086"}],"wp:attachment":[{"href":"https:\/\/zapp.tec.br\/site\/wp-json\/wp\/v2\/media?parent=468"}],"curies":[{"name":"wp","href":"https:\/\/api.w.org\/{rel}","templated":true}]}}