{"id":819,"date":"2019-12-25T09:49:12","date_gmt":"2019-12-25T12:49:12","guid":{"rendered":"https:\/\/wordpress.iqonic.design\/talkie\/?page_id=819"},"modified":"2022-08-31T09:14:24","modified_gmt":"2022-08-31T12:14:24","slug":"faq","status":"publish","type":"page","link":"https:\/\/zapp.tec.br\/site\/faq\/","title":{"rendered":"Perguntas FAQ"},"content":{"rendered":"\t\t<div data-elementor-type=\"wp-page\" data-elementor-id=\"819\" class=\"elementor elementor-819\" data-elementor-settings=\"[]\">\n\t\t\t\t\t\t\t<div class=\"elementor-section-wrap\">\n\t\t\t\t\t\t\t<section class=\"elementor-section elementor-top-section elementor-element elementor-element-6735317 elementor-section-boxed elementor-section-height-default elementor-section-height-default\" data-id=\"6735317\" data-element_type=\"section\">\n\t\t\t\t\t\t<div class=\"elementor-container elementor-column-gap-default\">\n\t\t\t\t\t<div class=\"elementor-column elementor-col-50 elementor-top-column elementor-element elementor-element-23ebe8f\" data-id=\"23ebe8f\" data-element_type=\"column\">\n\t\t\t<div class=\"elementor-widget-wrap elementor-element-populated\">\n\t\t\t\t\t\t\t\t<div class=\"elementor-element elementor-element-1098e03 elementor-widget elementor-widget-section_title\" data-id=\"1098e03\" data-element_type=\"widget\" data-widget_type=\"section_title.default\">\n\t\t\t\t<div class=\"elementor-widget-container\">\n\t\t\t<div class=\" title-box\"><h2 class=\"title\">App Android<\/h2><p>Baixe aqui o app para Android<\/p><\/div>\t\t<\/div>\n\t\t\t\t<\/div>\n\t\t\t\t<div class=\"elementor-element elementor-element-32bb59d elementor-widget elementor-widget-talkie_button\" data-id=\"32bb59d\" data-element_type=\"widget\" data-widget_type=\"talkie_button.default\">\n\t\t\t\t<div class=\"elementor-widget-container\">\n\t\t\t\n<div class=\"iq-button \">\n\t<a class=\"button\" href=\"https:\/\/play.google.com\/store\/apps\/details?id=zap.partners.base\">Download<\/a><\/div>\t\t<\/div>\n\t\t\t\t<\/div>\n\t\t\t\t\t<\/div>\n\t\t<\/div>\n\t\t\t\t<div class=\"elementor-column elementor-col-50 elementor-top-column elementor-element elementor-element-42fa140\" data-id=\"42fa140\" data-element_type=\"column\">\n\t\t\t<div class=\"elementor-widget-wrap elementor-element-populated\">\n\t\t\t\t\t\t\t\t<div class=\"elementor-element elementor-element-b32125c elementor-widget elementor-widget-section_title\" data-id=\"b32125c\" data-element_type=\"widget\" data-widget_type=\"section_title.default\">\n\t\t\t\t<div class=\"elementor-widget-container\">\n\t\t\t<div class=\" title-box\"><h2 class=\"title\">App Windows<\/h2><p>Baixe aqui o app para Windows<\/p><\/div>\t\t<\/div>\n\t\t\t\t<\/div>\n\t\t\t\t<div class=\"elementor-element elementor-element-e33a0d6 elementor-widget elementor-widget-talkie_button\" data-id=\"e33a0d6\" data-element_type=\"widget\" data-widget_type=\"talkie_button.default\">\n\t\t\t\t<div class=\"elementor-widget-container\">\n\t\t\t\n<div class=\"iq-button \">\n\t<a class=\"button\" href=\"https:\/\/zapp.tec.br\/download\/ZAP%20Partners%20Setup%201.0.0.exe\">Download<\/a><\/div>\t\t<\/div>\n\t\t\t\t<\/div>\n\t\t\t\t\t<\/div>\n\t\t<\/div>\n\t\t\t\t\t\t\t<\/div>\n\t\t<\/section>\n\t\t\t\t<div class=\"elementor-section elementor-top-section elementor-element elementor-element-22aaa17 elementor-section-stretched elementor-section-boxed elementor-section-height-default elementor-section-height-default\" data-id=\"22aaa17\" data-element_type=\"section\" data-settings=\"{&quot;stretch_section&quot;:&quot;section-stretched&quot;}\">\n\t\t\t\t\t\t<div class=\"elementor-container elementor-column-gap-default\">\n\t\t\t\t\t<div class=\"elementor-column elementor-col-100 elementor-top-column elementor-element elementor-element-6c96385\" data-id=\"6c96385\" data-element_type=\"column\">\n\t\t\t<div class=\"elementor-widget-wrap elementor-element-populated\">\n\t\t\t\t\t\t\t\t<div class=\"elementor-element elementor-element-fc568ac elementor-widget elementor-widget-section_title\" data-id=\"fc568ac\" data-element_type=\"widget\" data-widget_type=\"section_title.default\">\n\t\t\t\t<div class=\"elementor-widget-container\">\n\t\t\t<div class=\"text-center title-box\"><span>Faq<\/span><h2 class=\"title\">Perguntas Frequentes<\/h2><\/div>\t\t<\/div>\n\t\t\t\t<\/div>\n\t\t\t\t<div class=\"elementor-element elementor-element-70fc427 elementor-widget elementor-widget-talkie_faq\" data-id=\"70fc427\" data-element_type=\"widget\" data-widget_type=\"talkie_faq.default\">\n\t\t\t\t<div class=\"elementor-widget-container\">\n\t\t\t\n<div class=\"iq-faq\">\n\n  \n    <div class=\"iq-faq-block iq-active\">\n      <div class=\"iq-faq-title iq-active\" id=\"heading043\">\n        <h5 class=\"mb-0\">\n          Posso personalizar as mensagens do chatbot\n          <span class=\"iq-faq-icon\">\n            <i aria-hidden=\"true\" class=\"fa fa-chevron-right\"><\/i>\n          <\/span>\n        <\/h5>\n      <\/div>\n\n      <div class=\"iq-faq-details\">\n\n        Sim, atrav\u00e9s do painel do administrador poder\u00e1 editar as perguntas, respostas, arquivos e redirecionamentos. \nNo meeting de setup seu gerente de contas vai lhe acompanhar na montagem.\n      <\/div>\n    <\/div>\n  \n    <div class=\"iq-faq-block \">\n      <div class=\"iq-faq-title \" id=\"heading143\">\n        <h5 class=\"mb-0\">\n          Posso acessar pelo celular\n          <span class=\"iq-faq-icon\">\n            <i aria-hidden=\"true\" class=\"fa fa-chevron-right\"><\/i>\n          <\/span>\n        <\/h5>\n      <\/div>\n\n      <div class=\"iq-faq-details\">\n\n        Sim, a plataforma \u00e9 responsiva, pode ser acessada por celular, desktop ou tablet. \nTamb\u00e9m disponibilizamos aplicativo para Android.\n      <\/div>\n    <\/div>\n  \n    <div class=\"iq-faq-block \">\n      <div class=\"iq-faq-title \" id=\"heading243\">\n        <h5 class=\"mb-0\">\n          Posso ter mais de 1 n\u00famero de Wahtsapp\n          <span class=\"iq-faq-icon\">\n            <i aria-hidden=\"true\" class=\"fa fa-chevron-right\"><\/i>\n          <\/span>\n        <\/h5>\n      <\/div>\n\n      <div class=\"iq-faq-details\">\n\n        Sim, por\u00e9m, cada n\u00famero adicional vai gerar um custo extra mensal.\n      <\/div>\n    <\/div>\n  \n    <div class=\"iq-faq-block \">\n      <div class=\"iq-faq-title \" id=\"heading343\">\n        <h5 class=\"mb-0\">\n          Todos os canais de atendimento, s\u00e3o atendidos no mesmo painel?\n          <span class=\"iq-faq-icon\">\n            <i aria-hidden=\"true\" class=\"fa fa-chevron-right\"><\/i>\n          <\/span>\n        <\/h5>\n      <\/div>\n\n      <div class=\"iq-faq-details\">\n\n        Sim, independente do canal que seu cliente acessou (site, whatsapp, Instagram, Telegram, email, mensager), o atendimento ser\u00e1 na mesma tela do painel.\n      <\/div>\n    <\/div>\n  \n    <div class=\"iq-faq-block \">\n      <div class=\"iq-faq-title \" id=\"heading443\">\n        <h5 class=\"mb-0\">\n          Posso mudar meu plano?\n          <span class=\"iq-faq-icon\">\n            <i aria-hidden=\"true\" class=\"fa fa-chevron-right\"><\/i>\n          <\/span>\n        <\/h5>\n      <\/div>\n\n      <div class=\"iq-faq-details\">\n\n        Sim, sempre que desejar, vai poder migrar de plano.\n      <\/div>\n    <\/div>\n  \n    <div class=\"iq-faq-block \">\n      <div class=\"iq-faq-title \" id=\"heading543\">\n        <h5 class=\"mb-0\">\n          Qual a forma de pagamento ?\n          <span class=\"iq-faq-icon\">\n            <i aria-hidden=\"true\" class=\"fa fa-chevron-right\"><\/i>\n          <\/span>\n        <\/h5>\n      <\/div>\n\n      <div class=\"iq-faq-details\">\n\n        Por padr\u00e3o a cobran\u00e7a \u00e9 antecipada, voc\u00ea tem 7 dias ap\u00f3s a ativa\u00e7\u00e3o,  para solicitar reembolso caso n\u00e3o aprovar o servi\u00e7o.\n      <\/div>\n    <\/div>\n  \n    <div class=\"iq-faq-block \">\n      <div class=\"iq-faq-title \" id=\"heading643\">\n        <h5 class=\"mb-0\">\n          Caso eu n\u00e3o aprovar, \u00e9 devolvido o pagamento ?\n          <span class=\"iq-faq-icon\">\n            <i aria-hidden=\"true\" class=\"fa fa-chevron-right\"><\/i>\n          <\/span>\n        <\/h5>\n      <\/div>\n\n      <div class=\"iq-faq-details\">\n\n        Voc\u00ea tem 7 dias para solicitar o cancelamento,  e ter direito ao  reembolso integral.\n      <\/div>\n    <\/div>\n  \n    <div class=\"iq-faq-block \">\n      <div class=\"iq-faq-title \" id=\"heading743\">\n        <h5 class=\"mb-0\">\n          \u00c9 cobrada taxa de setup?\n          <span class=\"iq-faq-icon\">\n            <i aria-hidden=\"true\" class=\"fa fa-chevron-right\"><\/i>\n          <\/span>\n        <\/h5>\n      <\/div>\n\n      <div class=\"iq-faq-details\">\n\n        No momento n\u00e3o estamos cobrando taxa de setup\n      <\/div>\n    <\/div>\n  \n    <div class=\"iq-faq-block \">\n      <div class=\"iq-faq-title \" id=\"heading843\">\n        <h5 class=\"mb-0\">\n          Posso integrar o chatbot ao meu sistema?\n          <span class=\"iq-faq-icon\">\n            <i aria-hidden=\"true\" class=\"fa fa-chevron-right\"><\/i>\n          <\/span>\n        <\/h5>\n      <\/div>\n\n      <div class=\"iq-faq-details\">\n\n        Sim. Disponibilizamos uma documenta\u00e7\u00e3o de nossa API, a qual deve ser encaminhada a equipe de desenvolvimento de seu ERP ou CRM.\n      <\/div>\n    <\/div>\n  \n    <div class=\"iq-faq-block \">\n      <div class=\"iq-faq-title \" id=\"heading943\">\n        <h5 class=\"mb-0\">\n          Consigo realizar atendimentos simult\u00e2neos?\n          <span class=\"iq-faq-icon\">\n            <i aria-hidden=\"true\" class=\"fa fa-chevron-right\"><\/i>\n          <\/span>\n        <\/h5>\n      <\/div>\n\n      <div class=\"iq-faq-details\">\n\n        Sim, um atendente pode atender quantos clientes desejar ao mesmo tempo.\n      <\/div>\n    <\/div>\n  \n<\/div>\t\t<\/div>\n\t\t\t\t<\/div>\n\t\t\t\t\t<\/div>\n\t\t<\/div>\n\t\t\t\t\t\t\t<\/div>\n\t\t<\/div>\n\t\t\t\t\t\t<\/div>\n\t\t\t\t\t<\/div>\n\t\t","protected":false},"excerpt":{"rendered":"<p>App Android Baixe aqui o app para Android Download App Windows Baixe aqui o app para Windows Download Faq Perguntas Frequentes Posso personalizar as mensagens do chatbot Sim, atrav\u00e9s do painel do administrador poder\u00e1 editar as perguntas, respostas, arquivos e redirecionamentos. No meeting de setup seu gerente de contas vai lhe acompanhar na montagem. Posso [&hellip;]<\/p>\n","protected":false},"author":1,"featured_media":0,"parent":0,"menu_order":0,"comment_status":"closed","ping_status":"closed","template":"","meta":{"_monsterinsights_skip_tracking":false,"_monsterinsights_sitenote_active":false,"_monsterinsights_sitenote_note":"","_monsterinsights_sitenote_category":0,"footnotes":""},"class_list":["post-819","page","type-page","status-publish","hentry"],"_links":{"self":[{"href":"https:\/\/zapp.tec.br\/site\/wp-json\/wp\/v2\/pages\/819","targetHints":{"allow":["GET"]}}],"collection":[{"href":"https:\/\/zapp.tec.br\/site\/wp-json\/wp\/v2\/pages"}],"about":[{"href":"https:\/\/zapp.tec.br\/site\/wp-json\/wp\/v2\/types\/page"}],"author":[{"embeddable":true,"href":"https:\/\/zapp.tec.br\/site\/wp-json\/wp\/v2\/users\/1"}],"replies":[{"embeddable":true,"href":"https:\/\/zapp.tec.br\/site\/wp-json\/wp\/v2\/comments?post=819"}],"version-history":[{"count":37,"href":"https:\/\/zapp.tec.br\/site\/wp-json\/wp\/v2\/pages\/819\/revisions"}],"predecessor-version":[{"id":3358,"href":"https:\/\/zapp.tec.br\/site\/wp-json\/wp\/v2\/pages\/819\/revisions\/3358"}],"wp:attachment":[{"href":"https:\/\/zapp.tec.br\/site\/wp-json\/wp\/v2\/media?parent=819"}],"curies":[{"name":"wp","href":"https:\/\/api.w.org\/{rel}","templated":true}]}}