{"id":826,"date":"2019-12-25T09:57:24","date_gmt":"2019-12-25T12:57:24","guid":{"rendered":"https:\/\/wordpress.iqonic.design\/talkie\/?page_id=826"},"modified":"2022-06-01T16:59:50","modified_gmt":"2022-06-01T19:59:50","slug":"services-2","status":"publish","type":"page","link":"https:\/\/zapp.tec.br\/site\/services-2\/","title":{"rendered":"Zapp"},"content":{"rendered":"\t\t<div data-elementor-type=\"wp-page\" data-elementor-id=\"826\" class=\"elementor elementor-826\" data-elementor-settings=\"[]\">\n\t\t\t\t\t\t\t<div class=\"elementor-section-wrap\">\n\t\t\t\t\t\t\t<div class=\"elementor-section elementor-top-section elementor-element elementor-element-da64671 elementor-section-stretched elementor-section-boxed elementor-section-height-default elementor-section-height-default\" data-id=\"da64671\" data-element_type=\"section\" data-settings=\"{&quot;stretch_section&quot;:&quot;section-stretched&quot;}\">\n\t\t\t\t\t\t<div class=\"elementor-container elementor-column-gap-default\">\n\t\t\t\t\t<div class=\"elementor-column elementor-col-100 elementor-top-column elementor-element elementor-element-71764a7\" data-id=\"71764a7\" data-element_type=\"column\">\n\t\t\t<div class=\"elementor-widget-wrap elementor-element-populated\">\n\t\t\t\t\t\t\t\t<div class=\"elementor-element elementor-element-58d8118 elementor-widget elementor-widget-section_title\" data-id=\"58d8118\" data-element_type=\"widget\" data-widget_type=\"section_title.default\">\n\t\t\t\t<div class=\"elementor-widget-container\">\n\t\t\t<div class=\"text-center title-box\"><span>ZAPP<\/span><h2 class=\"title\">Uma plataforma completa de atendimento<\/h2><\/div>\t\t<\/div>\n\t\t\t\t<\/div>\n\t\t\t\t<div class=\"elementor-section elementor-inner-section elementor-element elementor-element-32974ed elementor-section-boxed elementor-section-height-default elementor-section-height-default\" data-id=\"32974ed\" data-element_type=\"section\">\n\t\t\t\t\t\t<div class=\"elementor-container elementor-column-gap-default\">\n\t\t\t\t\t<div class=\"elementor-column elementor-col-50 elementor-inner-column elementor-element elementor-element-d63cf15\" data-id=\"d63cf15\" data-element_type=\"column\">\n\t\t\t<div class=\"elementor-widget-wrap elementor-element-populated\">\n\t\t\t\t\t\t\t\t<div class=\"elementor-element elementor-element-6d51dfe elementor-widget elementor-widget-talkie_fancybox\" data-id=\"6d51dfe\" data-element_type=\"widget\" data-widget_type=\"talkie_fancybox.default\">\n\t\t\t\t<div class=\"elementor-widget-container\">\n\t\t\t<div class=\"iq-fancy-box\">\t<div class=\"iq-feature-list text-left feature-box-effect  wow FadeInUP\">\n\n\t\t<div class=\"iq-icon\" style=\"border-color:; color: ;  \">\n\t\t\t<i aria-hidden=\"true\" class=\"ion ion-ios-lightbulb-outline\"><\/i>\t\t<\/div>\n\n\n\n\t\t<div class=\"feature-info\">\n\t\t\t<h4 class=\"title\"> Crie Chatbot<\/h4>\n\t\t\t<p class=\"desc\">Configure respostas autom\u00e1ticas, direcione seu cliente para o atendende ou departamento espec\u00edfico<\/p>\n\n\n\t\t<\/div>\n\n\t<\/div>\n<\/div>\t\t<\/div>\n\t\t\t\t<\/div>\n\t\t\t\t<div class=\"elementor-element elementor-element-f41391e elementor-widget elementor-widget-talkie_fancybox\" data-id=\"f41391e\" data-element_type=\"widget\" data-widget_type=\"talkie_fancybox.default\">\n\t\t\t\t<div class=\"elementor-widget-container\">\n\t\t\t<div class=\"iq-fancy-box\">\t<div class=\"iq-feature-list text-left feature-box-effect  wow FadeInUP\">\n\n\t\t<div class=\"iq-icon\" style=\"border-color:; color: ;  \">\n\t\t\t<i aria-hidden=\"true\" class=\"ion ion-ios-compose-outline\"><\/i>\t\t<\/div>\n\n\n\n\t\t<div class=\"feature-info\">\n\t\t\t<h4 class=\"title\"> Relat\u00f3rios Din\u00e2micos<\/h4>\n\t\t\t<p class=\"desc\">Todas as informa\u00e7\u00f5es trocadas em seus bots, est\u00e3o dispon\u00edveis em relat\u00f3rios, e podem ser exportadas em diversos formatos.<\/p>\n\n\n\t\t<\/div>\n\n\t<\/div>\n<\/div>\t\t<\/div>\n\t\t\t\t<\/div>\n\t\t\t\t<div class=\"elementor-element elementor-element-c09c5b2 elementor-widget elementor-widget-talkie_fancybox\" data-id=\"c09c5b2\" data-element_type=\"widget\" data-widget_type=\"talkie_fancybox.default\">\n\t\t\t\t<div class=\"elementor-widget-container\">\n\t\t\t<div class=\"iq-fancy-box\">\t<div class=\"iq-feature-list text-left feature-box-effect  wow FadeInUP\">\n\n\t\t<div class=\"iq-icon\" style=\"border-color:; color: ;  \">\n\t\t\t<i aria-hidden=\"true\" class=\"ion ion-ios-calculator-outline\"><\/i>\t\t<\/div>\n\n\n\n\t\t<div class=\"feature-info\">\n\t\t\t<h4 class=\"title\"> Integra\u00e7\u00e3o<\/h4>\n\t\t\t<p class=\"desc\">Voc\u00ea pode criar menus que se conectam com seus sistemas atrav\u00e9s de integra\u00e7\u00e3o REST.<\/p>\n\n\n\t\t<\/div>\n\n\t<\/div>\n<\/div>\t\t<\/div>\n\t\t\t\t<\/div>\n\t\t\t\t\t<\/div>\n\t\t<\/div>\n\t\t\t\t<div class=\"elementor-column elementor-col-50 elementor-inner-column elementor-element elementor-element-4de9ec1\" data-id=\"4de9ec1\" data-element_type=\"column\">\n\t\t\t<div class=\"elementor-widget-wrap elementor-element-populated\">\n\t\t\t\t\t\t\t\t<div class=\"elementor-element elementor-element-6100a05 elementor-widget elementor-widget-image\" data-id=\"6100a05\" data-element_type=\"widget\" data-widget_type=\"image.default\">\n\t\t\t\t<div class=\"elementor-widget-container\">\n\t\t\t<style>\/*! elementor - v3.5.5 - 03-02-2022 *\/\n.elementor-widget-image{text-align:center}.elementor-widget-image a{display:inline-block}.elementor-widget-image a img[src$=\".svg\"]{width:48px}.elementor-widget-image img{vertical-align:middle;display:inline-block}<\/style>\t\t\t\t\t\t\t\t\t\t\t\t<img decoding=\"async\" width=\"650\" height=\"674\" src=\"https:\/\/zapp.tec.br\/site\/wp-content\/uploads\/2020\/01\/faq-3.png\" class=\"attachment-full size-full\" alt=\"talkie-image\" srcset=\"https:\/\/zapp.tec.br\/site\/wp-content\/uploads\/2020\/01\/faq-3.png 650w, https:\/\/zapp.tec.br\/site\/wp-content\/uploads\/2020\/01\/faq-3-600x622.png 600w, https:\/\/zapp.tec.br\/site\/wp-content\/uploads\/2020\/01\/faq-3-289x300.png 289w\" sizes=\"100vw\" \/>\t\t\t\t\t\t\t\t\t\t\t\t\t\t\t<\/div>\n\t\t\t\t<\/div>\n\t\t\t\t\t<\/div>\n\t\t<\/div>\n\t\t\t\t\t\t\t<\/div>\n\t\t<\/div>\n\t\t\t\t\t<\/div>\n\t\t<\/div>\n\t\t\t\t\t\t\t<\/div>\n\t\t<\/div>\n\t\t\t\t<section class=\"elementor-section elementor-top-section elementor-element elementor-element-1d87c79 elementor-section-boxed elementor-section-height-default elementor-section-height-default\" data-id=\"1d87c79\" data-element_type=\"section\">\n\t\t\t\t\t\t<div class=\"elementor-container elementor-column-gap-default\">\n\t\t\t\t\t<div class=\"elementor-column elementor-col-100 elementor-top-column elementor-element elementor-element-ffb3286\" data-id=\"ffb3286\" data-element_type=\"column\">\n\t\t\t<div class=\"elementor-widget-wrap elementor-element-populated\">\n\t\t\t\t\t\t\t\t<div class=\"elementor-element elementor-element-5c64777 elementor-aspect-ratio-169 elementor-widget elementor-widget-video\" data-id=\"5c64777\" data-element_type=\"widget\" data-settings=\"{&quot;youtube_url&quot;:&quot;https:\\\/\\\/youtu.be\\\/eDA2VGzW91k&quot;,&quot;video_type&quot;:&quot;youtube&quot;,&quot;controls&quot;:&quot;yes&quot;,&quot;aspect_ratio&quot;:&quot;169&quot;}\" data-widget_type=\"video.default\">\n\t\t\t\t<div class=\"elementor-widget-container\">\n\t\t\t<style>\/*! elementor - v3.5.5 - 03-02-2022 *\/\n.elementor-widget-video .elementor-widget-container{overflow:hidden;-webkit-transform:translateZ(0);transform:translateZ(0)}.elementor-widget-video .elementor-open-inline .elementor-custom-embed-image-overlay{position:absolute;top:0;left:0;width:100%;height:100%;-webkit-background-size:cover;background-size:cover;background-position:50%}.elementor-widget-video .elementor-custom-embed-image-overlay{cursor:pointer;text-align:center}.elementor-widget-video .elementor-custom-embed-image-overlay:hover .elementor-custom-embed-play i{opacity:1}.elementor-widget-video .elementor-custom-embed-image-overlay img{display:block;width:100%}.elementor-widget-video .e-hosted-video .elementor-video{-o-object-fit:cover;object-fit:cover}<\/style>\t\t<div class=\"elementor-wrapper elementor-fit-aspect-ratio elementor-open-inline\">\n\t\t\t<div class=\"elementor-video\"><\/div>\t\t<\/div>\n\t\t\t\t<\/div>\n\t\t\t\t<\/div>\n\t\t\t\t\t<\/div>\n\t\t<\/div>\n\t\t\t\t\t\t\t<\/div>\n\t\t<\/section>\n\t\t\t\t<div class=\"elementor-section elementor-top-section elementor-element elementor-element-275d7cd elementor-section-stretched elementor-section-full_width shape_bg elementor-section-height-default elementor-section-height-default\" data-id=\"275d7cd\" data-element_type=\"section\" data-settings=\"{&quot;stretch_section&quot;:&quot;section-stretched&quot;,&quot;background_background&quot;:&quot;classic&quot;}\">\n\t\t\t\t\t\t<div class=\"elementor-container elementor-column-gap-default\">\n\t\t\t\t\t<div class=\"elementor-column elementor-col-100 elementor-top-column elementor-element elementor-element-b44964e\" data-id=\"b44964e\" data-element_type=\"column\">\n\t\t\t<div class=\"elementor-widget-wrap elementor-element-populated\">\n\t\t\t\t\t\t\t\t<div class=\"elementor-element elementor-element-e560b06 elementor-widget elementor-widget-section_title\" data-id=\"e560b06\" data-element_type=\"widget\" data-widget_type=\"section_title.default\">\n\t\t\t\t<div class=\"elementor-widget-container\">\n\t\t\t<div class=\"text-center title-box\"><span>Diversas possibilidades para deixar seu bot mais eficiente<\/span><h2 class=\"title\">Fluxo Din\u00e2mico e Inteligente<\/h2><\/div>\t\t<\/div>\n\t\t\t\t<\/div>\n\t\t\t\t<div class=\"elementor-section elementor-inner-section elementor-element elementor-element-097a39e elementor-section-boxed elementor-section-height-default elementor-section-height-default\" data-id=\"097a39e\" data-element_type=\"section\">\n\t\t\t\t\t\t<div class=\"elementor-container elementor-column-gap-default\">\n\t\t\t\t\t<div class=\"elementor-column elementor-col-25 elementor-inner-column elementor-element elementor-element-8370d3a\" data-id=\"8370d3a\" data-element_type=\"column\">\n\t\t\t<div class=\"elementor-widget-wrap elementor-element-populated\">\n\t\t\t\t\t\t\t\t<div class=\"elementor-element elementor-element-f33ae17 elementor-widget elementor-widget-talkie_fancybox\" data-id=\"f33ae17\" data-element_type=\"widget\" data-widget_type=\"talkie_fancybox.default\">\n\t\t\t\t<div class=\"elementor-widget-container\">\n\t\t\t<div class=\"iq-fancy-box\">\t<div class=\"feature-box-effect box-effect-two  wow fadeInUp text-left \">\n\n\t\t<div class=\"iq-icon mb-4\" style=\"border-color:; color: ;  \">\n\t\t\t<i aria-hidden=\"true\" class=\"typcn typcn-key-outline\"><\/i>\t\t<\/div>\n\n\n\n\t\t<div class=\"feature-info\">\n\t\t\t<h5 class=\"mb-2 title\"> Busca por palavras-chave<\/h5>\n\t\t\t<p class=\"mb-0 desc\">Configure palavras-chave para tornar a navega\u00e7\u00e3o mais din\u00e2mica e inteligente.<\/p>\n\n\n\t\t<\/div>\n\n\t<\/div>\n<\/div>\t\t<\/div>\n\t\t\t\t<\/div>\n\t\t\t\t<div class=\"elementor-element elementor-element-f7f2884 elementor-widget elementor-widget-talkie_fancybox\" data-id=\"f7f2884\" data-element_type=\"widget\" data-widget_type=\"talkie_fancybox.default\">\n\t\t\t\t<div class=\"elementor-widget-container\">\n\t\t\t<div class=\"iq-fancy-box\">\t<div class=\"feature-box-effect box-effect-two  wow fadeInUp text-left \">\n\n\t\t<div class=\"iq-icon mb-4\" style=\"border-color:; color: ;  \">\n\t\t\t<i aria-hidden=\"true\" class=\"ion ion-ios-albums-outline\"><\/i>\t\t<\/div>\n\n\n\n\t\t<div class=\"feature-info\">\n\t\t\t<h5 class=\"mb-2 title\"> Controle Total<\/h5>\n\t\t\t<p class=\"mb-0 desc\">\nControle os departamentos que seus atendentes ir\u00e3o trabalhar.<\/p>\n\n\n\t\t<\/div>\n\n\t<\/div>\n<\/div>\t\t<\/div>\n\t\t\t\t<\/div>\n\t\t\t\t\t<\/div>\n\t\t<\/div>\n\t\t\t\t<div class=\"elementor-column elementor-col-25 elementor-inner-column elementor-element elementor-element-1ad1738\" data-id=\"1ad1738\" data-element_type=\"column\">\n\t\t\t<div class=\"elementor-widget-wrap elementor-element-populated\">\n\t\t\t\t\t\t\t\t<div class=\"elementor-element elementor-element-6e08c46 elementor-widget elementor-widget-talkie_fancybox\" data-id=\"6e08c46\" data-element_type=\"widget\" data-widget_type=\"talkie_fancybox.default\">\n\t\t\t\t<div class=\"elementor-widget-container\">\n\t\t\t<div class=\"iq-fancy-box\">\t<div class=\"feature-box-effect box-effect-two  wow fadeInUp text-left \">\n\n\t\t<div class=\"iq-icon mb-4\" style=\"border-color:; color: ;  \">\n\t\t\t<i aria-hidden=\"true\" class=\"ion ion-ios-pulse\"><\/i>\t\t<\/div>\n\n\n\n\t\t<div class=\"feature-info\">\n\t\t\t<h5 class=\"mb-2 title\"> Dashboard<\/h5>\n\t\t\t<p class=\"mb-0 desc\">Painel com v\u00e1rios indicativos: mensagens, atendimento, avalia\u00e7\u00f5es, mensagens por departamento e mais<\/p>\n\n\n\t\t<\/div>\n\n\t<\/div>\n<\/div>\t\t<\/div>\n\t\t\t\t<\/div>\n\t\t\t\t<div class=\"elementor-element elementor-element-6858105 elementor-widget elementor-widget-talkie_fancybox\" data-id=\"6858105\" data-element_type=\"widget\" data-widget_type=\"talkie_fancybox.default\">\n\t\t\t\t<div class=\"elementor-widget-container\">\n\t\t\t<div class=\"iq-fancy-box\">\t<div class=\"feature-box-effect box-effect-two  wow fadeInUp text-left \">\n\n\t\t<div class=\"iq-icon mb-4\" style=\"border-color:; color: ;  \">\n\t\t\t<i aria-hidden=\"true\" class=\"ion ion-ios-checkmark-outline\"><\/i>\t\t<\/div>\n\n\n\n\t\t<div class=\"feature-info\">\n\t\t\t<h5 class=\"mb-2 title\"> Organiza\u00e7\u00e3o<\/h5>\n\t\t\t<p class=\"mb-0 desc\">Organize os departamentos e atendentes por canais de comunica\u00e7\u00e3o.<\/p>\n\n\n\t\t<\/div>\n\n\t<\/div>\n<\/div>\t\t<\/div>\n\t\t\t\t<\/div>\n\t\t\t\t\t<\/div>\n\t\t<\/div>\n\t\t\t\t<div class=\"elementor-column elementor-col-25 elementor-inner-column elementor-element elementor-element-8808b54\" data-id=\"8808b54\" data-element_type=\"column\">\n\t\t\t<div class=\"elementor-widget-wrap elementor-element-populated\">\n\t\t\t\t\t\t\t\t<div class=\"elementor-element elementor-element-caf22f5 elementor-widget elementor-widget-talkie_fancybox\" data-id=\"caf22f5\" data-element_type=\"widget\" data-widget_type=\"talkie_fancybox.default\">\n\t\t\t\t<div class=\"elementor-widget-container\">\n\t\t\t<div class=\"iq-fancy-box\">\t<div class=\"feature-box-effect box-effect-two  wow fadeInUp text-left \">\n\n\t\t<div class=\"iq-icon mb-4\" style=\"border-color:; color: ;  \">\n\t\t\t<i aria-hidden=\"true\" class=\"ion ion-ios-locked-outline\"><\/i>\t\t<\/div>\n\n\n\n\t\t<div class=\"feature-info\">\n\t\t\t<h5 class=\"mb-2 title\"> Seguran\u00e7a<\/h5>\n\t\t\t<p class=\"mb-0 desc\">Temos um alto n\u00edvel de seguran\u00e7a, pois sabemos que suas mensagens s\u00e3o extremamente importantes pra voc\u00ea<\/p>\n\n\n\t\t<\/div>\n\n\t<\/div>\n<\/div>\t\t<\/div>\n\t\t\t\t<\/div>\n\t\t\t\t<div class=\"elementor-element elementor-element-aba61e3 elementor-widget elementor-widget-talkie_fancybox\" data-id=\"aba61e3\" data-element_type=\"widget\" data-widget_type=\"talkie_fancybox.default\">\n\t\t\t\t<div class=\"elementor-widget-container\">\n\t\t\t<div class=\"iq-fancy-box\">\t<div class=\"feature-box-effect box-effect-two  wow fadeInUp text-left \">\n\n\t\t<div class=\"iq-icon mb-4\" style=\"border-color:; color: ;  \">\n\t\t\t<i aria-hidden=\"true\" class=\"ion ion-clock\"><\/i>\t\t<\/div>\n\n\n\n\t\t<div class=\"feature-info\">\n\t\t\t<h5 class=\"mb-2 title\"> Hor\u00e1rio<\/h5>\n\t\t\t<p class=\"mb-0 desc\">Defina quais s\u00e3o os hor\u00e1rios de atendimento da sua empresa.<\/p>\n\n\n\t\t<\/div>\n\n\t<\/div>\n<\/div>\t\t<\/div>\n\t\t\t\t<\/div>\n\t\t\t\t\t<\/div>\n\t\t<\/div>\n\t\t\t\t<div class=\"elementor-column elementor-col-25 elementor-inner-column elementor-element elementor-element-e29bdcd\" data-id=\"e29bdcd\" data-element_type=\"column\">\n\t\t\t<div class=\"elementor-widget-wrap elementor-element-populated\">\n\t\t\t\t\t\t\t\t<div class=\"elementor-element elementor-element-1bdc0f6 elementor-widget elementor-widget-talkie_fancybox\" data-id=\"1bdc0f6\" data-element_type=\"widget\" data-widget_type=\"talkie_fancybox.default\">\n\t\t\t\t<div class=\"elementor-widget-container\">\n\t\t\t<div class=\"iq-fancy-box\">\t<div class=\"feature-box-effect box-effect-two  wow fadeInUp text-left \">\n\n\t\t<div class=\"iq-icon mb-4\" style=\"border-color:; color: ;  \">\n\t\t\t<i aria-hidden=\"true\" class=\"ion ion-ios-videocam-outline\"><\/i>\t\t<\/div>\n\n\n\n\t\t<div class=\"feature-info\">\n\t\t\t<h5 class=\"mb-2 title\"> A\u00fadio e V\u00eddeo<\/h5>\n\t\t\t<p class=\"mb-0 desc\">Envie mensagens de a\u00fadio, v\u00eddeo, arquivos, imagens ou texto, enfim os mesmo recustros so whatsapp<\/p>\n\n\n\t\t<\/div>\n\n\t<\/div>\n<\/div>\t\t<\/div>\n\t\t\t\t<\/div>\n\t\t\t\t<div class=\"elementor-element elementor-element-5343162 elementor-widget elementor-widget-talkie_fancybox\" data-id=\"5343162\" data-element_type=\"widget\" data-widget_type=\"talkie_fancybox.default\">\n\t\t\t\t<div class=\"elementor-widget-container\">\n\t\t\t<div class=\"iq-fancy-box\">\t<div class=\"feature-box-effect box-effect-two  wow fadeInUp text-left \">\n\n\t\t<div class=\"iq-icon mb-4\" style=\"border-color:; color: ;  \">\n\t\t\t<i aria-hidden=\"true\" class=\"ion ion-ios-search-strong\"><\/i>\t\t<\/div>\n\n\n\n\t\t<div class=\"feature-info\">\n\t\t\t<h5 class=\"mb-2 title\"> Monitoramento<\/h5>\n\t\t\t<p class=\"mb-0 desc\">Saiba tudo o que os seus atendentes est\u00e3o fazendo em tempo real.<\/p>\n\n\n\t\t<\/div>\n\n\t<\/div>\n<\/div>\t\t<\/div>\n\t\t\t\t<\/div>\n\t\t\t\t\t<\/div>\n\t\t<\/div>\n\t\t\t\t\t\t\t<\/div>\n\t\t<\/div>\n\t\t\t\t\t<\/div>\n\t\t<\/div>\n\t\t\t\t\t\t\t<\/div>\n\t\t<\/div>\n\t\t\t\t<section class=\"elementor-section elementor-top-section elementor-element elementor-element-c4794dd elementor-section-boxed elementor-section-height-default elementor-section-height-default\" data-id=\"c4794dd\" data-element_type=\"section\">\n\t\t\t\t\t\t<div class=\"elementor-container elementor-column-gap-default\">\n\t\t\t\t\t<div class=\"elementor-column elementor-col-100 elementor-top-column elementor-element elementor-element-5c06f00\" data-id=\"5c06f00\" data-element_type=\"column\">\n\t\t\t<div class=\"elementor-widget-wrap elementor-element-populated\">\n\t\t\t\t\t\t\t\t<div class=\"elementor-element elementor-element-f84442c elementor-widget elementor-widget-talkie_lists\" data-id=\"f84442c\" data-element_type=\"widget\" data-widget_type=\"talkie_lists.default\">\n\t\t\t\t<div class=\"elementor-widget-container\">\n\t\t\t<div class=\"iq-list\">\n\n    <ul class=\"list-column-one\">\n                    <li><i class=\"fas fa-cog icon-text\" style=\"color:\"><\/i>Configura\u00e7\u00e3o F\u00e1cil:  Em poucos minutos voc\u00ea consegue construir seu bot e conectar todos seus canais de comunica\u00e7\u00e3o<\/li>\n\n                    <li><i class=\"fas fa-rocket icon-text\" style=\"color:\"><\/i>Alta Produtividade: Em apenas um painel, voc\u00ea consegue dar um suporte extremamente r\u00e1pido para todos seus contatos em seus canais de comunica\u00e7\u00e3o.<\/li>\n\n                    <li><i class=\"fas fa-file-download icon-text\" style=\"color:\"><\/i>Relat\u00f3rios Din\u00e2micos:  Todas as informa\u00e7\u00f5es trocadas em seus bots est\u00e3o dispon\u00edveis em relat\u00f3rios, podendo exportar em diversos formatos.<\/li>\n\n                    <li><i class=\"ion ion-ios-people icon-text\" style=\"color:\"><\/i>Campos para segmenta\u00e7\u00e3o: Defina quais informa\u00e7\u00f5es seu cliente dever\u00e1 te fornecer no primeiro contato.<\/li>\n\n                    <li><i class=\"typcn typcn-support icon-text\" style=\"color:\"><\/i>Atendimentos:  Defina op\u00e7\u00f5es de atendimentos, podendo escolher um ou mais departamentos.<\/li>\n\n                    <li><i class=\"ion ion-android-clipboard icon-text\" style=\"color:\"><\/i>Enquetes: Crie uma pesquisa para saber a opini\u00e3o dos seus contatos sobre um determinado assunto.<\/li>\n\n                    <li><i class=\"far fa-question-circle icon-text\" style=\"color:\"><\/i>Perguntas e informa\u00e7\u00f5es:  Escolha op\u00e7\u00f5es de navega\u00e7\u00e3o e disponibilize informa\u00e7\u00f5es para os seus contatos.<\/li>\n\n            <\/ul>\n<\/div>\t\t<\/div>\n\t\t\t\t<\/div>\n\t\t\t\t\t<\/div>\n\t\t<\/div>\n\t\t\t\t\t\t\t<\/div>\n\t\t<\/section>\n\t\t\t\t\t\t<\/div>\n\t\t\t\t\t<\/div>\n\t\t","protected":false},"excerpt":{"rendered":"<p>ZAPP Uma plataforma completa de atendimento Crie Chatbot Configure respostas autom\u00e1ticas, direcione seu cliente para o atendende ou departamento espec\u00edfico Relat\u00f3rios Din\u00e2micos Todas as informa\u00e7\u00f5es trocadas em seus bots, est\u00e3o dispon\u00edveis em relat\u00f3rios, e podem ser exportadas em diversos formatos. Integra\u00e7\u00e3o Voc\u00ea pode criar menus que se conectam com seus sistemas atrav\u00e9s de integra\u00e7\u00e3o REST. [&hellip;]<\/p>\n","protected":false},"author":1,"featured_media":0,"parent":0,"menu_order":0,"comment_status":"closed","ping_status":"closed","template":"","meta":{"_monsterinsights_skip_tracking":false,"_monsterinsights_sitenote_active":false,"_monsterinsights_sitenote_note":"","_monsterinsights_sitenote_category":0,"footnotes":""},"class_list":["post-826","page","type-page","status-publish","hentry"],"_links":{"self":[{"href":"https:\/\/zapp.tec.br\/site\/wp-json\/wp\/v2\/pages\/826","targetHints":{"allow":["GET"]}}],"collection":[{"href":"https:\/\/zapp.tec.br\/site\/wp-json\/wp\/v2\/pages"}],"about":[{"href":"https:\/\/zapp.tec.br\/site\/wp-json\/wp\/v2\/types\/page"}],"author":[{"embeddable":true,"href":"https:\/\/zapp.tec.br\/site\/wp-json\/wp\/v2\/users\/1"}],"replies":[{"embeddable":true,"href":"https:\/\/zapp.tec.br\/site\/wp-json\/wp\/v2\/comments?post=826"}],"version-history":[{"count":50,"href":"https:\/\/zapp.tec.br\/site\/wp-json\/wp\/v2\/pages\/826\/revisions"}],"predecessor-version":[{"id":3270,"href":"https:\/\/zapp.tec.br\/site\/wp-json\/wp\/v2\/pages\/826\/revisions\/3270"}],"wp:attachment":[{"href":"https:\/\/zapp.tec.br\/site\/wp-json\/wp\/v2\/media?parent=826"}],"curies":[{"name":"wp","href":"https:\/\/api.w.org\/{rel}","templated":true}]}}