{"id":981,"date":"2019-12-28T08:48:32","date_gmt":"2019-12-28T11:48:32","guid":{"rendered":"https:\/\/wordpress.iqonic.design\/talkie\/?page_id=981"},"modified":"2026-04-19T15:52:48","modified_gmt":"2026-04-19T18:52:48","slug":"pricing-plan-2","status":"publish","type":"page","link":"https:\/\/zapp.tec.br\/site\/pricing-plan-2\/","title":{"rendered":"Pre\u00e7os"},"content":{"rendered":"\t\t<div data-elementor-type=\"wp-page\" data-elementor-id=\"981\" class=\"elementor elementor-981\" data-elementor-settings=\"[]\">\n\t\t\t\t\t\t\t<div class=\"elementor-section-wrap\">\n\t\t\t\t\t\t\t<div class=\"elementor-section elementor-top-section elementor-element elementor-element-015e63b elementor-section-stretched elementor-section-boxed elementor-section-height-default elementor-section-height-default\" data-id=\"015e63b\" data-element_type=\"section\" data-settings=\"{&quot;stretch_section&quot;:&quot;section-stretched&quot;}\">\n\t\t\t\t\t\t<div class=\"elementor-container elementor-column-gap-default\">\n\t\t\t\t\t<div class=\"elementor-column elementor-col-100 elementor-top-column elementor-element elementor-element-8a0b67c\" data-id=\"8a0b67c\" data-element_type=\"column\">\n\t\t\t<div class=\"elementor-widget-wrap elementor-element-populated\">\n\t\t\t\t\t\t\t\t<div class=\"elementor-section elementor-inner-section elementor-element elementor-element-0144447 elementor-section-content-middle elementor-section-boxed elementor-section-height-default elementor-section-height-default\" data-id=\"0144447\" data-element_type=\"section\">\n\t\t\t\t\t\t<div class=\"elementor-container elementor-column-gap-default\">\n\t\t\t\t\t<div class=\"elementor-column elementor-col-50 elementor-inner-column elementor-element elementor-element-fd2b427\" data-id=\"fd2b427\" data-element_type=\"column\">\n\t\t\t<div class=\"elementor-widget-wrap elementor-element-populated\">\n\t\t\t\t\t\t\t\t<div class=\"elementor-element elementor-element-2792808 elementor-widget elementor-widget-section_title\" data-id=\"2792808\" data-element_type=\"widget\" data-widget_type=\"section_title.default\">\n\t\t\t\t<div class=\"elementor-widget-container\">\n\t\t\t<div class=\" title-box\"><span>Plataforma Omni Channel<\/span><h2 class=\"title\">Profissionalize seu Atendimento<\/h2><p>Utilize nossa plataforma de atendimento via WhatsApp, e veja o quanto vai melhorar a qualqidade e gerencimento de seu atendimento.\n<\/p><\/div>\t\t<\/div>\n\t\t\t\t<\/div>\n\t\t\t\t<div class=\"elementor-element elementor-element-2b7bd70 elementor-widget elementor-widget-talkie_fancybox\" data-id=\"2b7bd70\" data-element_type=\"widget\" data-widget_type=\"talkie_fancybox.default\">\n\t\t\t\t<div class=\"elementor-widget-container\">\n\t\t\t<div class=\"iq-fancy-box\">\t<div class=\"feature-box-effect box-effect  wow fadeInUp  \">\n\n\t\t<div class=\"iq-icon mb-4\" style=\"border-color:#FE1A01; color:#FE1A01 ;  \">\n\t\t\t<i aria-hidden=\"true\" class=\"ion ion-ios-lightbulb-outline\"><\/i>\t\t<\/div>\n\n\t\t<div class=\"feature-info\">\n\t\t\t<h5 class=\"mb-2 title\"> Gest\u00e3o de atendimento multicanais<\/h5>\n\t\t\t<p class=\"mb-0 desc\">Centralizando seu atendimento voc\u00ea fideliza seus clientes e melhora o relacionamento..<\/p>\n\n\n\t\t<\/div>\n\n\t<\/div>\n<\/div>\t\t<\/div>\n\t\t\t\t<\/div>\n\t\t\t\t<div class=\"elementor-element elementor-element-962f655 elementor-widget elementor-widget-talkie_fancybox\" data-id=\"962f655\" data-element_type=\"widget\" data-widget_type=\"talkie_fancybox.default\">\n\t\t\t\t<div class=\"elementor-widget-container\">\n\t\t\t<div class=\"iq-fancy-box\">\t<div class=\"feature-box-effect box-effect  wow fadeInUp  \">\n\n\t\t<div class=\"iq-icon mb-4\" style=\"border-color:#75E8F0; color:#75E8F0 ;  \">\n\t\t\t<i aria-hidden=\"true\" class=\"ion ion-ios-bookmarks-outline\"><\/i>\t\t<\/div>\n\n\t\t<div class=\"feature-info\">\n\t\t\t<h5 class=\"mb-2 title\"> Relat\u00f3rios Din\u00e2micos<\/h5>\n\t\t\t<p class=\"mb-0 desc\">Todas as informa\u00e7\u00f5es trocadas em seus bots, est\u00e3o dispon\u00edveis em relat\u00f3rios, podendo exportar em diversos formatos .<\/p>\n\n\n\t\t<\/div>\n\n\t<\/div>\n<\/div>\t\t<\/div>\n\t\t\t\t<\/div>\n\t\t\t\t\t<\/div>\n\t\t<\/div>\n\t\t\t\t<div class=\"elementor-column elementor-col-50 elementor-inner-column elementor-element elementor-element-9d5f08c\" data-id=\"9d5f08c\" data-element_type=\"column\">\n\t\t\t<div class=\"elementor-widget-wrap elementor-element-populated\">\n\t\t\t\t\t\t\t\t<div class=\"elementor-element elementor-element-eef5ba1 elementor-widget elementor-widget-image\" data-id=\"eef5ba1\" data-element_type=\"widget\" data-widget_type=\"image.default\">\n\t\t\t\t<div class=\"elementor-widget-container\">\n\t\t\t<style>\/*! elementor - v3.5.5 - 03-02-2022 *\/\n.elementor-widget-image{text-align:center}.elementor-widget-image a{display:inline-block}.elementor-widget-image a img[src$=\".svg\"]{width:48px}.elementor-widget-image img{vertical-align:middle;display:inline-block}<\/style>\t\t\t\t\t\t\t\t\t\t\t\t<img decoding=\"async\" width=\"737\" height=\"666\" src=\"https:\/\/zapp.tec.br\/site\/wp-content\/uploads\/2020\/01\/work-2.png\" class=\"attachment-full size-full\" alt=\"talkie-image\" srcset=\"https:\/\/zapp.tec.br\/site\/wp-content\/uploads\/2020\/01\/work-2.png 737w, https:\/\/zapp.tec.br\/site\/wp-content\/uploads\/2020\/01\/work-2-600x542.png 600w, https:\/\/zapp.tec.br\/site\/wp-content\/uploads\/2020\/01\/work-2-300x271.png 300w\" sizes=\"100vw\" \/>\t\t\t\t\t\t\t\t\t\t\t\t\t\t\t<\/div>\n\t\t\t\t<\/div>\n\t\t\t\t\t<\/div>\n\t\t<\/div>\n\t\t\t\t\t\t\t<\/div>\n\t\t<\/div>\n\t\t\t\t\t<\/div>\n\t\t<\/div>\n\t\t\t\t\t\t\t<\/div>\n\t\t<\/div>\n\t\t\t\t<div class=\"elementor-section elementor-top-section elementor-element elementor-element-05040ed elementor-section-stretched elementor-section-boxed elementor-section-height-default elementor-section-height-default\" data-id=\"05040ed\" data-element_type=\"section\" data-settings=\"{&quot;stretch_section&quot;:&quot;section-stretched&quot;,&quot;background_background&quot;:&quot;classic&quot;}\">\n\t\t\t\t\t\t<div class=\"elementor-container elementor-column-gap-default\">\n\t\t\t\t\t<div class=\"elementor-column elementor-col-100 elementor-top-column elementor-element elementor-element-c981312\" data-id=\"c981312\" data-element_type=\"column\">\n\t\t\t<div class=\"elementor-widget-wrap elementor-element-populated\">\n\t\t\t\t\t\t\t\t<section class=\"elementor-section elementor-inner-section elementor-element elementor-element-5648a0c elementor-section-boxed elementor-section-height-default elementor-section-height-default\" data-id=\"5648a0c\" data-element_type=\"section\">\n\t\t\t\t\t\t<div class=\"elementor-container elementor-column-gap-default\">\n\t\t\t\t\t<div class=\"elementor-column elementor-col-100 elementor-inner-column elementor-element elementor-element-63bcfb7\" data-id=\"63bcfb7\" data-element_type=\"column\">\n\t\t\t<div class=\"elementor-widget-wrap elementor-element-populated\">\n\t\t\t\t\t\t\t\t<div class=\"elementor-element elementor-element-5363203 elementor-widget elementor-widget-section_title\" data-id=\"5363203\" data-element_type=\"widget\" data-widget_type=\"section_title.default\">\n\t\t\t\t<div class=\"elementor-widget-container\">\n\t\t\t<div class=\"text-center title-box\"><span>Pre\u00e7o mensal<\/span><h2 class=\"title\">Escolha seu plano<\/h2><p>O pagamento \u00e9 antecipado, com garantia de reembolso integral  em at\u00e9 7 dias de uso, caso n\u00e3o aprovar nosso servi\u00e7o.<\/p><\/div>\t\t<\/div>\n\t\t\t\t<\/div>\n\t\t\t\t\t<\/div>\n\t\t<\/div>\n\t\t\t\t\t\t\t<\/div>\n\t\t<\/section>\n\t\t\t\t\t<\/div>\n\t\t<\/div>\n\t\t\t\t\t\t\t<\/div>\n\t\t<\/div>\n\t\t\t\t<section class=\"elementor-section elementor-top-section elementor-element elementor-element-e14dd09 elementor-section-boxed elementor-section-height-default elementor-section-height-default\" data-id=\"e14dd09\" data-element_type=\"section\">\n\t\t\t\t\t\t<div class=\"elementor-container elementor-column-gap-default\">\n\t\t\t\t\t<div class=\"elementor-column elementor-col-100 elementor-top-column elementor-element elementor-element-f9e1bb6\" data-id=\"f9e1bb6\" data-element_type=\"column\">\n\t\t\t<div class=\"elementor-widget-wrap elementor-element-populated\">\n\t\t\t\t\t\t\t\t<div class=\"elementor-element elementor-element-070e763 elementor-widget elementor-widget-talkie_fancybox\" data-id=\"070e763\" data-element_type=\"widget\" data-widget_type=\"talkie_fancybox.default\">\n\t\t\t\t<div class=\"elementor-widget-container\">\n\t\t\t<div class=\"iq-fancy-box\">\t<div class=\"iq-services   \">\n\t\t<div class=\"iq-icon\" style=\"border-color:; color: ;  \">\n\t\t\t<i aria-hidden=\"true\" class=\"fab fa-whatsapp-square\"><\/i>\t\t<\/div>\n\t\t<div class=\"service-content\">\n\n\t\t\t<h4 class=\"title\">API Oficial ou Qrcoe <\/h4>\n\t\t\t<p class=\"desc\">A partir do plano de R$ 260,00 mensais, pode conectar pela API Oficial do whatsapp.\n\nCaso precisar de mais usu\u00e1rios ou canais, \u00e9 s\u00f3 contatar nossa equipe pelo whatsapp<\/p>\n\t\t<\/div>\n\n\t<\/div>\n\n<\/div>\t\t<\/div>\n\t\t\t\t<\/div>\n\t\t\t\t<section class=\"elementor-section elementor-inner-section elementor-element elementor-element-54e6e3c elementor-section-boxed elementor-section-height-default elementor-section-height-default\" data-id=\"54e6e3c\" data-element_type=\"section\">\n\t\t\t\t\t\t<div class=\"elementor-container elementor-column-gap-default\">\n\t\t\t\t\t<div class=\"elementor-column elementor-col-33 elementor-inner-column elementor-element elementor-element-1c60592\" data-id=\"1c60592\" data-element_type=\"column\">\n\t\t\t<div class=\"elementor-widget-wrap elementor-element-populated\">\n\t\t\t\t\t\t\t\t<div class=\"elementor-element elementor-element-c0ad7dd elementor-widget elementor-widget-talkie_price\" data-id=\"c0ad7dd\" data-element_type=\"widget\" data-widget_type=\"talkie_price.default\">\n\t\t\t\t<div class=\"elementor-widget-container\">\n\t\t\t<div  class=\"iq-price-block iq-talkie-price-3 text-center active\">\n                    \n                  <div class=\"iq-price-info\">\n                    <p class=\"title\">B\u00e1sico<\/p>\n                    <h2 class=\"price\">R$ 199<span class=\"sub-title\">\/ Mensais<\/span>\n                  <\/h2><\/div>  \n                <ul class=\"iq-talkie-price-info\"><li class=\"\"><span>5 usu\u00e1rios<\/span><\/li><li class=\"\"><span>1 Whatsapp<\/span><\/li><li class=\"\"><span>Facebook<\/span><\/li><li class=\"\"><span>Instagram<\/span><\/li><li class=\"\"><span>Agendamentos<\/span><\/li><li class=\"\"><span>Campanhas<\/span><\/li><li class=\"\"><span>Chat Interno<\/span><\/li><li class=\"\"><span>API Externa<\/span><\/li><li class=\"\"><span>Automa\u00e7\u00e3o<\/span><\/li><li class=\"\"><span>OpenAI<\/span><\/li><li class=\"\"><span>Integra\u00e7\u00f5es<\/span><\/li><li class=\"\"><span>Remarketing<\/span><\/li><\/ul> <a class=\"button\" href=\"https:\/\/zapp.tec.br\/site\/teste_gratis.php\">Solicitar teste gr\u00e1tis<\/a> <\/div>\t\t<\/div>\n\t\t\t\t<\/div>\n\t\t\t\t\t<\/div>\n\t\t<\/div>\n\t\t\t\t<div class=\"elementor-column elementor-col-33 elementor-inner-column elementor-element elementor-element-db418ff\" data-id=\"db418ff\" data-element_type=\"column\">\n\t\t\t<div class=\"elementor-widget-wrap elementor-element-populated\">\n\t\t\t\t\t\t\t\t<div class=\"elementor-element elementor-element-dac8e39 elementor-widget elementor-widget-talkie_price\" data-id=\"dac8e39\" data-element_type=\"widget\" data-widget_type=\"talkie_price.default\">\n\t\t\t\t<div class=\"elementor-widget-container\">\n\t\t\t<div  class=\"iq-price-block iq-talkie-price text-center active\">\n                    \n                  <div class=\"iq-price-info\">\n                    <p class=\"title\">Pano B\u00e1sico + CRM Nativo<\/p>\n                    <h2 class=\"price\">R$ 260<\/h2>\n                    <p class=\"sub-title\">Mensais<\/p>\n                  <\/div>  \n                <ul class=\"iq-talkie-price-info\"><li class=\"\"><span>5 usu\u00e1rios<\/span><\/li><li class=\"\"><span>1 Whatsapp<\/span><\/li><li class=\"\"><span>Api Oficial<\/span><\/li><li class=\"\"><span>Facebook<\/span><\/li><li class=\"\"><span>Instagram<\/span><\/li><li class=\"\"><span>Agendamentos<\/span><\/li><li class=\"\"><span>Campanhas<\/span><\/li><li class=\"\"><span>Chat Interno<\/span><\/li><li class=\"\"><span>API Externa<\/span><\/li><li class=\"\"><span>Automa\u00e7\u00e3o<\/span><\/li><li class=\"\"><span>OpenAI<\/span><\/li><li class=\"\"><span>Integra\u00e7\u00f5es<\/span><\/li><li class=\"\"><span>Remarketing<\/span><\/li><\/ul> <a class=\"button\" href=\"https:\/\/zapp.tec.br\/site\/teste_gratis.php\">Solicitar teste gr\u00e1tis<\/a> <\/div>\t\t<\/div>\n\t\t\t\t<\/div>\n\t\t\t\t\t<\/div>\n\t\t<\/div>\n\t\t\t\t<div class=\"elementor-column elementor-col-33 elementor-inner-column elementor-element elementor-element-0278f1b\" data-id=\"0278f1b\" data-element_type=\"column\">\n\t\t\t<div class=\"elementor-widget-wrap elementor-element-populated\">\n\t\t\t\t\t\t\t\t<div class=\"elementor-element elementor-element-6d74592 elementor-widget elementor-widget-talkie_price\" data-id=\"6d74592\" data-element_type=\"widget\" data-widget_type=\"talkie_price.default\">\n\t\t\t\t<div class=\"elementor-widget-container\">\n\t\t\t<div  class=\"iq-price-block iq-talkie-price-3 text-center active\">\n                    \n                  <div class=\"iq-price-info\">\n                    <p class=\"title\">Plano Full - CRM - Meet - Social <\/p>\n                    <h2 class=\"price\">R$ 299<span class=\"sub-title\">\/ Mensais<\/span>\n                  <\/h2><\/div>  \n                <ul class=\"iq-talkie-price-info\"><li class=\"\"><span>5 usu\u00e1rios<\/span><\/li><li class=\"\"><span>1 Whatsapp<\/span><\/li><li class=\"\"><span>Api Oficial<\/span><\/li><li class=\"\"><span>CRM Nativo<\/span><\/li><li class=\"\"><span>Meet Integrado<\/span><\/li><li class=\"\"><span>Facebook<\/span><\/li><li class=\"\"><span>Instagram<\/span><\/li><li class=\"\"><span>Agendamentos<\/span><\/li><li class=\"\"><span>Campanhas<\/span><\/li><li class=\"\"><span>Chat Interno<\/span><\/li><li class=\"\"><span>API Externa<\/span><\/li><li class=\"\"><span>Automa\u00e7\u00e3o<\/span><\/li><li class=\"\"><span>OpenAI<\/span><\/li><li class=\"\"><span>Integra\u00e7\u00f5es<\/span><\/li><li class=\"\"><span>Remarketing<\/span><\/li><\/ul> <a class=\"button\" href=\"https:\/\/zapp.tec.br\/site\/teste_gratis.php\">Solicitar teste gr\u00e1tis<\/a> <\/div>\t\t<\/div>\n\t\t\t\t<\/div>\n\t\t\t\t\t<\/div>\n\t\t<\/div>\n\t\t\t\t\t\t\t<\/div>\n\t\t<\/section>\n\t\t\t\t\t<\/div>\n\t\t<\/div>\n\t\t\t\t\t\t\t<\/div>\n\t\t<\/section>\n\t\t\t\t<section class=\"elementor-section elementor-top-section elementor-element elementor-element-4048591 elementor-section-boxed elementor-section-height-default elementor-section-height-default\" data-id=\"4048591\" data-element_type=\"section\">\n\t\t\t\t\t\t<div class=\"elementor-container elementor-column-gap-default\">\n\t\t\t\t\t<div class=\"elementor-column elementor-col-100 elementor-top-column elementor-element elementor-element-af165f5\" data-id=\"af165f5\" data-element_type=\"column\">\n\t\t\t<div class=\"elementor-widget-wrap\">\n\t\t\t\t\t\t\t\t\t<\/div>\n\t\t<\/div>\n\t\t\t\t\t\t\t<\/div>\n\t\t<\/section>\n\t\t\t\t\t\t<\/div>\n\t\t\t\t\t<\/div>\n\t\t","protected":false},"excerpt":{"rendered":"<p>Plataforma Omni Channel Profissionalize seu Atendimento Utilize nossa plataforma de atendimento via WhatsApp, e veja o quanto vai melhorar a qualqidade e gerencimento de seu atendimento. Gest\u00e3o de atendimento multicanais Centralizando seu atendimento voc\u00ea fideliza seus clientes e melhora o relacionamento.. Relat\u00f3rios Din\u00e2micos Todas as informa\u00e7\u00f5es trocadas em seus bots, est\u00e3o dispon\u00edveis em relat\u00f3rios, podendo [&hellip;]<\/p>\n","protected":false},"author":1,"featured_media":0,"parent":0,"menu_order":0,"comment_status":"closed","ping_status":"closed","template":"","meta":{"_monsterinsights_skip_tracking":false,"_monsterinsights_sitenote_active":false,"_monsterinsights_sitenote_note":"","_monsterinsights_sitenote_category":0,"footnotes":""},"class_list":["post-981","page","type-page","status-publish","hentry"],"_links":{"self":[{"href":"https:\/\/zapp.tec.br\/site\/wp-json\/wp\/v2\/pages\/981","targetHints":{"allow":["GET"]}}],"collection":[{"href":"https:\/\/zapp.tec.br\/site\/wp-json\/wp\/v2\/pages"}],"about":[{"href":"https:\/\/zapp.tec.br\/site\/wp-json\/wp\/v2\/types\/page"}],"author":[{"embeddable":true,"href":"https:\/\/zapp.tec.br\/site\/wp-json\/wp\/v2\/users\/1"}],"replies":[{"embeddable":true,"href":"https:\/\/zapp.tec.br\/site\/wp-json\/wp\/v2\/comments?post=981"}],"version-history":[{"count":155,"href":"https:\/\/zapp.tec.br\/site\/wp-json\/wp\/v2\/pages\/981\/revisions"}],"predecessor-version":[{"id":3757,"href":"https:\/\/zapp.tec.br\/site\/wp-json\/wp\/v2\/pages\/981\/revisions\/3757"}],"wp:attachment":[{"href":"https:\/\/zapp.tec.br\/site\/wp-json\/wp\/v2\/media?parent=981"}],"curies":[{"name":"wp","href":"https:\/\/api.w.org\/{rel}","templated":true}]}}